{"id":2,"date":"2023-05-06T17:22:57","date_gmt":"2023-05-06T17:22:57","guid":{"rendered":"https:\/\/osmanlicamuallimi.gen.tr\/?page_id=2"},"modified":"2023-05-06T18:23:05","modified_gmt":"2023-05-06T18:23:05","slug":"sample-page","status":"publish","type":"page","link":"https:\/\/osmanlicamuallimi.gen.tr\/?page_id=2","title":{"rendered":"G\u00f6n\u00fcl Dilimizi \u00d6\u011freniyoruz"},"content":{"rendered":"\n<p>Osmanl\u0131ca ayr\u0131 bir dil de\u011fildir. Bin y\u0131l kulland\u0131\u011f\u0131m\u0131z, ilm\u00ee ve tarihi eserlerimizin yaz\u0131ld\u0131\u011f\u0131 binlerce kitab\u0131 i\u00e7eren yaz\u0131 \u00e7e\u015fidimizdir. Aralar\u0131nda; t\u0131bb\u00ee, musik\u00ee, astronomi, m\u00fcneccimlik, bur\u00e7lar, matematik, geometri, dilbilim, ara\u015ft\u0131rma gibi daha sayamad\u0131\u011f\u0131m\u0131z binlerce konuyu i\u00e7eren milyonlarca kitap vard\u0131r. Daha bunlar\u0131n listesini bile yapabilmi\u015f de\u011filiz. Ayr\u0131ca devlet yaz\u0131\u015fmalar\u0131, fermanlar, tapu senedleri vesaireleri de saym\u0131yoruz\u2026 Tam bir ilim hazinesi gizlidir. Bin y\u0131l boyunca kendilerini ilme, ara\u015ft\u0131rmaya vermi\u015f atalar\u0131m\u0131z\u0131n, bu insanl\u0131\u011fa \u0131\u015f\u0131k tutan eserlerini en az\u0131ndan g\u00fcn y\u00fcz\u00fcne \u00e7\u0131karmak boynumuzun borcudur.<\/p>\n\n\n\n<p>Bu ama\u00e7la bu u\u011furda bir fark\u0131ndal\u0131k olu\u015fturup, bir ka\u00e7 karde\u015fimize vesile olursak, ne mutlu bize\u2026<\/p>\n","protected":false},"excerpt":{"rendered":"<div class=\"mh-excerpt\"><p>Osmanl\u0131ca ayr\u0131 bir dil de\u011fildir. Bin y\u0131l kulland\u0131\u011f\u0131m\u0131z, ilm\u00ee ve tarihi eserlerimizin yaz\u0131ld\u0131\u011f\u0131 binlerce kitab\u0131 i\u00e7eren yaz\u0131 \u00e7e\u015fidimizdir. Aralar\u0131nda; t\u0131bb\u00ee, musik\u00ee, astronomi, m\u00fcneccimlik, bur\u00e7lar, matematik, <a class=\"mh-excerpt-more\" href=\"https:\/\/osmanlicamuallimi.gen.tr\/?page_id=2\" title=\"G\u00f6n\u00fcl Dilimizi \u00d6\u011freniyoruz\">[&#8230;]<\/a><\/p>\n<\/div>","protected":false},"author":1,"featured_media":0,"parent":0,"menu_order":0,"comment_status":"closed","ping_status":"open","template":"","meta":{"footnotes":""},"class_list":["post-2","page","type-page","status-publish","hentry"],"_links":{"self":[{"href":"https:\/\/osmanlicamuallimi.gen.tr\/index.php?rest_route=\/wp\/v2\/pages\/2","targetHints":{"allow":["GET"]}}],"collection":[{"href":"https:\/\/osmanlicamuallimi.gen.tr\/index.php?rest_route=\/wp\/v2\/pages"}],"about":[{"href":"https:\/\/osmanlicamuallimi.gen.tr\/index.php?rest_route=\/wp\/v2\/types\/page"}],"author":[{"embeddable":true,"href":"https:\/\/osmanlicamuallimi.gen.tr\/index.php?rest_route=\/wp\/v2\/users\/1"}],"replies":[{"embeddable":true,"href":"https:\/\/osmanlicamuallimi.gen.tr\/index.php?rest_route=%2Fwp%2Fv2%2Fcomments&post=2"}],"version-history":[{"count":2,"href":"https:\/\/osmanlicamuallimi.gen.tr\/index.php?rest_route=\/wp\/v2\/pages\/2\/revisions"}],"predecessor-version":[{"id":16,"href":"https:\/\/osmanlicamuallimi.gen.tr\/index.php?rest_route=\/wp\/v2\/pages\/2\/revisions\/16"}],"wp:attachment":[{"href":"https:\/\/osmanlicamuallimi.gen.tr\/index.php?rest_route=%2Fwp%2Fv2%2Fmedia&parent=2"}],"curies":[{"name":"wp","href":"https:\/\/api.w.org\/{rel}","templated":true}]}}